{"id":47,"date":"2022-09-16T16:16:49","date_gmt":"2022-09-16T16:16:49","guid":{"rendered":"https:\/\/lap-office.de\/?page_id=47"},"modified":"2022-09-20T06:44:37","modified_gmt":"2022-09-20T06:44:37","slug":"preise","status":"publish","type":"page","link":"https:\/\/lap-office.de\/?page_id=47","title":{"rendered":"Preise"},"content":{"rendered":"\n<p class=\"has-text-align-center has-text-color has-x-large-font-size\" style=\"color:#0000ff\"><strong>PREISE<\/strong><\/p>\n\n\n\n<p class=\"has-text-align-center has-text-color\" style=\"color:#0000ff\"><strong>BUCHF\u00dcHRUNGSHILFE<\/strong><\/p>\n\n\n\n<p class=\"has-text-align-center\">F\u00fcr die Buchf\u00fchrungshilfe werden individuell kalkulierte Honorare zzgl. der derzeit gesetzlich g\u00fcltigen Mehrwertsteuer in H\u00f6he von 19 % angeboten.<\/p>\n\n\n\n<p class=\"has-text-align-center has-text-color\" style=\"color:#0000ff\"><strong>F\u00fcr Einzelheiten kontaktieren Sie uns, bitte, unter den folgenden<\/strong><\/p>\n\n\n\n<p class=\"has-text-align-center has-text-color\" style=\"color:#0000ff\"><strong><u><a href=\"https:\/\/lap-office.de\/?page_id=51\" data-type=\"page\" data-id=\"51\">Kontaktdaten<\/a><\/u>.<\/strong><\/p>\n","protected":false},"excerpt":{"rendered":"<p>PREISE BUCHF\u00dcHRUNGSHILFE F\u00fcr die Buchf\u00fchrungshilfe werden individuell kalkulierte Honorare zzgl. der derzeit gesetzlich g\u00fcltigen Mehrwertsteuer in H\u00f6he von 19 % angeboten. F\u00fcr Einzelheiten kontaktieren Sie uns, bitte, unter den folgenden Kontaktdaten.<\/p>\n","protected":false},"author":2,"featured_media":0,"parent":0,"menu_order":0,"comment_status":"closed","ping_status":"closed","template":"wp-custom-template-neu","meta":{"footnotes":""},"class_list":["post-47","page","type-page","status-publish","hentry"],"_links":{"self":[{"href":"https:\/\/lap-office.de\/index.php?rest_route=\/wp\/v2\/pages\/47","targetHints":{"allow":["GET"]}}],"collection":[{"href":"https:\/\/lap-office.de\/index.php?rest_route=\/wp\/v2\/pages"}],"about":[{"href":"https:\/\/lap-office.de\/index.php?rest_route=\/wp\/v2\/types\/page"}],"author":[{"embeddable":true,"href":"https:\/\/lap-office.de\/index.php?rest_route=\/wp\/v2\/users\/2"}],"replies":[{"embeddable":true,"href":"https:\/\/lap-office.de\/index.php?rest_route=%2Fwp%2Fv2%2Fcomments&post=47"}],"version-history":[{"count":5,"href":"https:\/\/lap-office.de\/index.php?rest_route=\/wp\/v2\/pages\/47\/revisions"}],"predecessor-version":[{"id":340,"href":"https:\/\/lap-office.de\/index.php?rest_route=\/wp\/v2\/pages\/47\/revisions\/340"}],"wp:attachment":[{"href":"https:\/\/lap-office.de\/index.php?rest_route=%2Fwp%2Fv2%2Fmedia&parent=47"}],"curies":[{"name":"wp","href":"https:\/\/api.w.org\/{rel}","templated":true}]}}